{"id":156,"date":"2020-10-29T21:39:44","date_gmt":"2020-10-29T20:39:44","guid":{"rendered":"https:\/\/bauturbo.de\/?page_id=156"},"modified":"2025-10-28T12:01:05","modified_gmt":"2025-10-28T11:01:05","slug":"diagnostik-2","status":"publish","type":"page","link":"https:\/\/bauturbo.de\/?page_id=156","title":{"rendered":"Diagnostik"},"content":{"rendered":"<div id=\"pl-156\"  class=\"panel-layout\" ><div id=\"pg-156-0\"  class=\"panel-grid panel-no-style\" ><div id=\"pgc-156-0-0\"  class=\"panel-grid-cell\" ><div id=\"panel-156-0-0-0\" class=\"so-panel widget widget_sow-editor panel-first-child panel-last-child\" data-index=\"0\" ><div\n\t\t\t\n\t\t\tclass=\"so-widget-sow-editor so-widget-sow-editor-base\"\n\t\t\t\n\t\t><h3 class=\"widget-title\">Diagnostik<\/h3>\n<div class=\"siteorigin-widget-tinymce textwidget\">\n\t<p>Mit modernsten Messger\u00e4ten und der passenden Ausbildung lokalisieren wir die Ursache des Problems, bevor wir eine L\u00f6sung anbieten. Egal ob Abdichtungssch\u00e4den, W\u00e4rmebr\u00fccken oder bereits Schimmelbefall \u2013 die beste Problembehandlung nutzt wenig, solange die Ursache nicht bekannt ist.<\/p>\n<p>Verschiedenste Verfahren und Ger\u00e4te werden von uns eingesetzt, z.B. Tiefenmesssonden, W\u00e4rmebildkameras, Induktionsfeuchtemessung, Endoskopie, Fluoreszensfarbstoffe usw.<\/p>\n<p>Hier m\u00fcnden die erworbenen Qualifikationen und die Erfahrung aus 25 Jahren zusammen. Weitere Qualifikationen unter Men\u00fcpunkt <a href=\"https:\/\/bauturbo.de\/?page_id=110\" target=\"_blank\" rel=\"noopener noreferrer\">Qualifikationen<\/a>.<\/p>\n<\/div>\n<\/div><\/div><\/div><div id=\"pgc-156-0-1\"  class=\"panel-grid-cell\" ><div id=\"panel-156-0-1-0\" class=\"so-panel widget widget_sow-image panel-first-child\" data-index=\"1\" ><div\n\t\t\t\n\t\t\tclass=\"so-widget-sow-image so-widget-sow-image-default-8b5b6f678277-156\"\n\t\t\t\n\t\t>\n<div class=\"sow-image-container\">\n\t\t<img \n\tsrc=\"https:\/\/bauturbo.de\/wp-content\/uploads\/2020\/10\/BT-Diagnostik-01.jpg\" width=\"445\" height=\"278\" srcset=\"https:\/\/bauturbo.de\/wp-content\/uploads\/2020\/10\/BT-Diagnostik-01.jpg 445w, https:\/\/bauturbo.de\/wp-content\/uploads\/2020\/10\/BT-Diagnostik-01-300x187.jpg 300w\" sizes=\"(max-width: 445px) 100vw, 445px\" title=\"BT &#8211; Diagnostik 01\" alt=\"\" \t\tclass=\"so-widget-image\"\/>\n\t<\/div>\n\n<\/div><\/div><div id=\"panel-156-0-1-1\" class=\"so-panel widget widget_sow-image\" data-index=\"2\" ><div\n\t\t\t\n\t\t\tclass=\"so-widget-sow-image so-widget-sow-image-default-8b5b6f678277-156\"\n\t\t\t\n\t\t>\n<div class=\"sow-image-container\">\n\t\t<img \n\tsrc=\"https:\/\/bauturbo.de\/wp-content\/uploads\/2020\/10\/BT-Diagnostik-02.jpg\" width=\"445\" height=\"278\" srcset=\"https:\/\/bauturbo.de\/wp-content\/uploads\/2020\/10\/BT-Diagnostik-02.jpg 445w, https:\/\/bauturbo.de\/wp-content\/uploads\/2020\/10\/BT-Diagnostik-02-300x187.jpg 300w\" sizes=\"(max-width: 445px) 100vw, 445px\" title=\"BT &#8211; Diagnostik 02\" alt=\"\" \t\tclass=\"so-widget-image\"\/>\n\t<\/div>\n\n<\/div><\/div><div id=\"panel-156-0-1-2\" class=\"so-panel widget widget_sow-image panel-last-child\" data-index=\"3\" ><div\n\t\t\t\n\t\t\tclass=\"so-widget-sow-image so-widget-sow-image-default-8b5b6f678277-156\"\n\t\t\t\n\t\t>\n<div class=\"sow-image-container\">\n\t\t<img \n\tsrc=\"https:\/\/bauturbo.de\/wp-content\/uploads\/2020\/10\/BT-Diagnostik-03.jpg\" width=\"443\" height=\"277\" srcset=\"https:\/\/bauturbo.de\/wp-content\/uploads\/2020\/10\/BT-Diagnostik-03.jpg 443w, https:\/\/bauturbo.de\/wp-content\/uploads\/2020\/10\/BT-Diagnostik-03-300x188.jpg 300w\" sizes=\"(max-width: 443px) 100vw, 443px\" title=\"BT &#8211; Diagnostik 03\" alt=\"\" \t\tclass=\"so-widget-image\"\/>\n\t<\/div>\n\n<\/div><\/div><\/div><\/div><\/div>","protected":false},"excerpt":{"rendered":"<p>Mit modernsten Messger\u00e4ten und der passenden Ausbildung lokalisieren wir die Ursache des Problems, bevor wir eine L\u00f6sung anbieten. Egal ob Abdichtungssch\u00e4den, W\u00e4rmebr\u00fccken oder bereits Schimmelbefall \u2013 die beste Problembehandlung nutzt &#8230;<\/p>\n","protected":false},"author":1,"featured_media":0,"parent":0,"menu_order":0,"comment_status":"closed","ping_status":"closed","template":"","meta":{"footnotes":""},"class_list":["post-156","page","type-page","status-publish","hentry"],"_links":{"self":[{"href":"https:\/\/bauturbo.de\/index.php?rest_route=\/wp\/v2\/pages\/156","targetHints":{"allow":["GET"]}}],"collection":[{"href":"https:\/\/bauturbo.de\/index.php?rest_route=\/wp\/v2\/pages"}],"about":[{"href":"https:\/\/bauturbo.de\/index.php?rest_route=\/wp\/v2\/types\/page"}],"author":[{"embeddable":true,"href":"https:\/\/bauturbo.de\/index.php?rest_route=\/wp\/v2\/users\/1"}],"replies":[{"embeddable":true,"href":"https:\/\/bauturbo.de\/index.php?rest_route=%2Fwp%2Fv2%2Fcomments&post=156"}],"version-history":[{"count":8,"href":"https:\/\/bauturbo.de\/index.php?rest_route=\/wp\/v2\/pages\/156\/revisions"}],"predecessor-version":[{"id":297,"href":"https:\/\/bauturbo.de\/index.php?rest_route=\/wp\/v2\/pages\/156\/revisions\/297"}],"wp:attachment":[{"href":"https:\/\/bauturbo.de\/index.php?rest_route=%2Fwp%2Fv2%2Fmedia&parent=156"}],"curies":[{"name":"wp","href":"https:\/\/api.w.org\/{rel}","templated":true}]}}