{"id":110,"date":"2020-10-29T21:10:18","date_gmt":"2020-10-29T20:10:18","guid":{"rendered":"https:\/\/bauturbo.de\/?page_id=110"},"modified":"2025-10-28T11:56:52","modified_gmt":"2025-10-28T10:56:52","slug":"110-2","status":"publish","type":"page","link":"https:\/\/bauturbo.de\/?page_id=110","title":{"rendered":"Firmenprofil"},"content":{"rendered":"<div id=\"pl-110\"  class=\"panel-layout\" ><div id=\"pg-110-0\"  class=\"panel-grid panel-no-style\" ><div id=\"pgc-110-0-0\"  class=\"panel-grid-cell\" ><div id=\"panel-110-0-0-0\" class=\"so-panel widget widget_sow-editor panel-first-child panel-last-child\" data-index=\"0\" ><div\n\t\t\t\n\t\t\tclass=\"so-widget-sow-editor so-widget-sow-editor-base\"\n\t\t\t\n\t\t><h3 class=\"widget-title\">Firmenprofil<\/h3>\n<div class=\"siteorigin-widget-tinymce textwidget\">\n\t<h3><strong>Qualifikationen<\/strong><\/h3>\n<ul>\n<li><strong>1. Studium Fachbereich Architektur<\/strong>, Fachhochschule Kaiserslautern, Abschluss Diplom-Ingenieur (FH) <strong>1999<\/strong><\/li>\n<li>Angestellt als <strong>Architekt und Bauleiter 2000-2005, danach selbst\u00e4ndig bis heute<\/strong><\/li>\n<li><strong>2. Studium, Abschluss Diplom-Sachverst\u00e4ndiger (DIA) f\u00fcr Immobilienbewertung <\/strong><strong>2005<\/strong>, Deutsche Immobilienakademie an der Universit\u00e4t Freiburg im Breisgau<\/li>\n<li><strong>Zertifizierter Immobiliengutachter (DIA Zert) <\/strong>f\u00fcr die Marktwertermittlung von Standardimmobilien seit <strong>2016<\/strong><\/li>\n<li><strong>Aufbaustudium<\/strong> an der Universit\u00e4t Freiburg i.B., Abschluss <strong>International Appraiser (DIA)<\/strong>, Sachverst\u00e4ndiger f\u00fcr <strong>internationale Immobilienbewertung<\/strong>, <strong>2006<\/strong><\/li>\n<li><strong>Technischer Leiter<\/strong> bei Franchise-Nehmer eines der gr\u00f6\u00dften deutschen Unternehmen f\u00fcr <strong>Feuchte-Schadenssanierung<\/strong> 2004\/06 mit Weiterbildungen im Bereich der Feuchtediagnostik und Sanierung<\/li>\n<li><strong>Sachverst\u00e4ndiger f\u00fcr Geb\u00e4udethermografie<\/strong>, T\u00dcV Rheinland, <strong>2011<\/strong><\/li>\n<\/ul>\n<p>&nbsp;<\/p>\n<\/div>\n<\/div><\/div><\/div><div id=\"pgc-110-0-1\"  class=\"panel-grid-cell\" ><div id=\"panel-110-0-1-0\" class=\"so-panel widget widget_sow-image panel-first-child\" data-index=\"1\" ><div\n\t\t\t\n\t\t\tclass=\"so-widget-sow-image so-widget-sow-image-default-8b5b6f678277-110\"\n\t\t\t\n\t\t>\n<div class=\"sow-image-container\">\n\t\t<img \n\tsrc=\"https:\/\/bauturbo.de\/wp-content\/uploads\/2020\/10\/BT-Hero-02.jpg\" width=\"1280\" height=\"799\" srcset=\"https:\/\/bauturbo.de\/wp-content\/uploads\/2020\/10\/BT-Hero-02.jpg 1280w, https:\/\/bauturbo.de\/wp-content\/uploads\/2020\/10\/BT-Hero-02-300x187.jpg 300w, https:\/\/bauturbo.de\/wp-content\/uploads\/2020\/10\/BT-Hero-02-1024x639.jpg 1024w, https:\/\/bauturbo.de\/wp-content\/uploads\/2020\/10\/BT-Hero-02-768x479.jpg 768w, https:\/\/bauturbo.de\/wp-content\/uploads\/2020\/10\/BT-Hero-02-480x300.jpg 480w, https:\/\/bauturbo.de\/wp-content\/uploads\/2020\/10\/BT-Hero-02-640x400.jpg 640w\" sizes=\"(max-width: 1280px) 100vw, 1280px\" title=\"BT &#8211; Hero 02\" alt=\"\" \t\tclass=\"so-widget-image\"\/>\n\t<\/div>\n\n<\/div><\/div><div id=\"panel-110-0-1-1\" class=\"so-panel widget widget_sow-image\" data-index=\"2\" ><div\n\t\t\t\n\t\t\tclass=\"so-widget-sow-image so-widget-sow-image-default-8b5b6f678277-110\"\n\t\t\t\n\t\t><\/div><\/div><div id=\"panel-110-0-1-2\" class=\"so-panel widget widget_sow-image panel-last-child\" data-index=\"3\" ><div\n\t\t\t\n\t\t\tclass=\"so-widget-sow-image so-widget-sow-image-default-8b5b6f678277-110\"\n\t\t\t\n\t\t>\n<div class=\"sow-image-container\">\n\t\t<img \n\tsrc=\"https:\/\/bauturbo.de\/wp-content\/uploads\/2020\/10\/BT-Diagnostik-03.jpg\" width=\"443\" height=\"277\" srcset=\"https:\/\/bauturbo.de\/wp-content\/uploads\/2020\/10\/BT-Diagnostik-03.jpg 443w, https:\/\/bauturbo.de\/wp-content\/uploads\/2020\/10\/BT-Diagnostik-03-300x188.jpg 300w\" sizes=\"(max-width: 443px) 100vw, 443px\" title=\"BT &#8211; Diagnostik 03\" alt=\"\" \t\tclass=\"so-widget-image\"\/>\n\t<\/div>\n\n<\/div><\/div><\/div><\/div><\/div>","protected":false},"excerpt":{"rendered":"<p>Qualifikationen 1. Studium Fachbereich Architektur, Fachhochschule Kaiserslautern, Abschluss Diplom-Ingenieur (FH) 1999 Angestellt als Architekt und Bauleiter 2000-2005, danach selbst\u00e4ndig bis heute 2. Studium, Abschluss Diplom-Sachverst\u00e4ndiger (DIA) f\u00fcr Immobilienbewertung 2005, Deutsche &#8230;<\/p>\n","protected":false},"author":1,"featured_media":0,"parent":0,"menu_order":0,"comment_status":"closed","ping_status":"closed","template":"","meta":{"footnotes":""},"class_list":["post-110","page","type-page","status-publish","hentry"],"_links":{"self":[{"href":"https:\/\/bauturbo.de\/index.php?rest_route=\/wp\/v2\/pages\/110","targetHints":{"allow":["GET"]}}],"collection":[{"href":"https:\/\/bauturbo.de\/index.php?rest_route=\/wp\/v2\/pages"}],"about":[{"href":"https:\/\/bauturbo.de\/index.php?rest_route=\/wp\/v2\/types\/page"}],"author":[{"embeddable":true,"href":"https:\/\/bauturbo.de\/index.php?rest_route=\/wp\/v2\/users\/1"}],"replies":[{"embeddable":true,"href":"https:\/\/bauturbo.de\/index.php?rest_route=%2Fwp%2Fv2%2Fcomments&post=110"}],"version-history":[{"count":32,"href":"https:\/\/bauturbo.de\/index.php?rest_route=\/wp\/v2\/pages\/110\/revisions"}],"predecessor-version":[{"id":296,"href":"https:\/\/bauturbo.de\/index.php?rest_route=\/wp\/v2\/pages\/110\/revisions\/296"}],"wp:attachment":[{"href":"https:\/\/bauturbo.de\/index.php?rest_route=%2Fwp%2Fv2%2Fmedia&parent=110"}],"curies":[{"name":"wp","href":"https:\/\/api.w.org\/{rel}","templated":true}]}}